{"id":17,"date":"2019-07-14T08:07:39","date_gmt":"2019-07-14T08:07:39","guid":{"rendered":"http:\/\/www.tuomaiset.net\/sukuyhdistys_uusi\/?page_id=17"},"modified":"2025-07-04T17:02:22","modified_gmt":"2025-07-04T17:02:22","slug":"sukuyhdistys","status":"publish","type":"page","link":"http:\/\/www.tuomaiset.net\/sukuyhdistys\/","title":{"rendered":"Sukuyhdistys"},"content":{"rendered":"\n<p>Tuomaisten sukuyhdistys ry on perustettu 27.6.1987. Yhdistyksen kotipaikka on Kuopio. Yhdistyksen tarkoituksena on pyrki\u00e4 pit\u00e4m\u00e4\u00e4n koossa hajalleen joutuneet sukujuuret j\u00e4senkokouksien ja tiiviin tutkimusty\u00f6n avulla.<\/p>\n\n\n\n<p>Sukutietoja on tallennettu Sukujutut-sukututkimusohjelmalla ja tiedostoissa on tiedot noin 11500 henkil\u00f6st\u00e4 1500 luvulta l\u00e4htien. Tuomaisten suvun nimen kantajia on vajaat 2000 henkil\u00f6\u00e4.<\/p>\n\n\n\n<p><strong>J\u00e4senmaksu<\/strong><\/p>\n\n\n\n<p>Sukuyhdistyksen <strong>j\u00e4senmaksu on 30 euroa ja liittymismaksu 15 euroa<\/strong>, J\u00e4senmaksun voi suorittaa Pohjois-Savon Osuuspankin tilille FI70 5609 1820 0608 30. <strong>K\u00e4yt\u00e4 viitett\u00e4 maksaessasi.<\/strong> Valitse sopiva alla olevista viitevaihtoehdoista. Pankki perii yhdistykselt\u00e4 melkein nelinkertaisen hinnan tilille tulleista ilman viitett\u00e4 maksetuista maksuista verrattuina viitteellisen\u00e4 maksettuihin.&nbsp;<\/p>\n\n\n\n<p>Maksujen viitenumerot ovat vaihtoehtoisesti:<\/p>\n\n\n\n<ul class=\"wp-block-list\">\n<li>5500 j\u00e4senmaksu<\/li>\n\n\n\n<li>2600 liittymismaksu ja j\u00e4senmaksu<\/li>\n\n\n\n<li>9700 tuki yhdistykselle<\/li>\n\n\n\n<li>7100 j\u00e4senmaksu ja tuki yhdistykselle<\/li>\n<\/ul>\n\n\n\n<p><strong>Uusi j\u00e4sen<\/strong><\/p>\n\n\n\n<p>Ole hyv\u00e4 ja ilmoita tietosi sukuselvityslomakkeella, joita saat <a href=\"http:\/\/www.tuomaiset.net\/sukuyhdistys\/yhteystiedot\/\">Tuulalta<\/a>.<\/p>\n\n\n\n<p>Yhdistykselle tiedotettavat asiat, kuten osoitteenmuutokset tai tilaukset, eiv\u00e4t my\u00f6sk\u00e4\u00e4n v\u00e4lity tiliotteella. Tiedotettavat asiat on ilmoitettava suoraan joko <a href=\"http:\/\/www.tuomaiset.net\/sukuyhdistys\/yhteystiedot\/\">Irenelle<\/a> tai <a href=\"http:\/\/www.tuomaiset.net\/sukuyhdistys\/yhteystiedot\/\">Tuulalle<\/a>.<\/p>\n\n\n\n<p><strong>Sukukirja<\/strong><\/p>\n\n\n\n<p>Sukuyhdistykselt\u00e4 on ilmestynyt sukukirja k\u00e4sitt\u00e4en sukuhistoriaa n. 1570 syntyneest\u00e4 Hannu Tuomaisesta, joka on Suni Tuomahisen is\u00e4. <strong>KIRJAN HANKINNASTA KIINNOSTUNEET<\/strong> ottakaa yhteys <a href=\"http:\/\/www.tuomaiset.net\/sukuyhdistys\/yhteystiedot\/\">Tuulaan<\/a>. Kertokaa kirjasta muillekin, sill\u00e4 kaikkia suvusta kiinnostuneita t\u00e4m\u00e4 kirje ei v\u00e4ltt\u00e4m\u00e4tt\u00e4 saavuta. T\u00e4m\u00e4 toimenpide on t\u00e4rke\u00e4, sill\u00e4 tilausm\u00e4\u00e4r\u00e4\u00e4 kartoitetaan etuk\u00e4teen.<\/p>\n\n\n\n<p><strong>Sukuyhdistyksen viiri ja paita<\/strong><\/p>\n\n\n\n<p>Tuomaisten sukuyhdistyksen viirin voi lunastaa sukukokouksen yhteydess\u00e4 45 euron kappalehintaan. Aina on mahdollisuus tilata suoraan viiri <a href=\"http:\/\/www.tuomaiset.net\/sukuyhdistys\/yhteystiedot\/\">Tuulalta<\/a>.<\/p>\n\n\n\n<p>Sukuyhdistyksen paitoja voi ostaa 20 euron hintaan sukukokouksessa. Sit\u00e4 voi tilata my\u00f6s <a href=\"http:\/\/www.tuomaiset.net\/sukuyhdistys\/yhteystiedot\/\">Tuulalta<\/a>.<\/p>\n\n\n\n<p><strong>Tiedotettavat asiat<\/strong><\/p>\n\n\n\n<p>Tiedotettavat asiat kuten osoitteenmuutokset tai tilaukset, on ilmoitettava suoraan joko <a href=\"http:\/\/www.tuomaiset.net\/sukuyhdistys\/yhteystiedot\/\">Irenelle<\/a>&nbsp;tai&nbsp;<a href=\"http:\/\/www.tuomaiset.net\/sukuyhdistys\/yhteystiedot\/\">Tuulalle<\/a>. Tiedotettavat asiat eiv\u00e4t v\u00e4lity yhdistykselle tiliotteella.<\/p>\n\n\n\n<p><strong>J\u00e4senrekisteriseloste<\/strong><\/p>\n\n\n\n<p>Voit ladata j\u00e4senrekisteriselosteen alla olevista linkeist\u00e4: <\/p>\n\n\n\n<ul class=\"wp-block-list\">\n<li><a rel=\"noreferrer noopener\" href=\"http:\/\/tuomaiset.net\/sukuyhdistys\/wp-content\/uploads\/2023\/jasensel.pdf\" data-type=\"URL\" data-id=\"tuomaiset.net\/sukuyhdistys\/wp-content\/uploads\/2023\/jasensel.pdf\" target=\"_blank\">PDF-muoto<\/a><\/li>\n<\/ul>\n\n\n\n<p><strong>Sukututkimusrekisteriseloste<\/strong><\/p>\n\n\n\n<p>Voit ladata sukututkimusrekisteriselosteen alla olevista linkeist\u00e4: <\/p>\n\n\n\n<ul class=\"wp-block-list\">\n<li><a href=\"http:\/\/tuomaiset.net\/sukuyhdistys\/wp-content\/uploads\/2023\/sukututsel.pdf\" data-type=\"URL\" data-id=\"http:\/\/tuomaiset.net\/sukuyhdistys\/wp-content\/uploads\/2023\/sukututsel.pdf\">PDF-<\/a><a rel=\"noreferrer noopener\" href=\"http:\/\/tuomaiset.net\/sukuyhdistys\/wp-content\/uploads\/2023\/sukututsel.pdf\" data-type=\"URL\" data-id=\"http:\/\/tuomaiset.net\/sukuyhdistys\/wp-content\/uploads\/2023\/sukututsel.pdf\" target=\"_blank\">muoto<\/a><\/li>\n<\/ul>\n","protected":false},"excerpt":{"rendered":"<p>Tuomaisten sukuyhdistys ry on perustettu 27.6.1987. Yhdistyksen kotipaikka on Kuopio. Yhdistyksen tarkoituksena on pyrki\u00e4 pit\u00e4m\u00e4\u00e4n koossa hajalleen joutuneet sukujuuret j\u00e4senkokouksien ja tiiviin tutkimusty\u00f6n avulla. Sukutietoja on tallennettu Sukujutut-sukututkimusohjelmalla ja tiedostoissa on tiedot noin 11500 henkil\u00f6st\u00e4 1500 luvulta l\u00e4htien. Tuomaisten suvun nimen kantajia on vajaat 2000 henkil\u00f6\u00e4. J\u00e4senmaksu Sukuyhdistyksen j\u00e4senmaksu on 30 euroa ja liittymismaksu 15 &#8230; <a title=\"Sukuyhdistys\" class=\"read-more\" href=\"http:\/\/www.tuomaiset.net\/sukuyhdistys\/\" aria-label=\"Lue lis\u00e4\u00e4 aiheesta Sukuyhdistys\">Lue lis\u00e4\u00e4<\/a><\/p>\n","protected":false},"author":1,"featured_media":0,"parent":0,"menu_order":0,"comment_status":"closed","ping_status":"closed","template":"","meta":{"footnotes":""},"class_list":["post-17","page","type-page","status-publish"],"_links":{"self":[{"href":"http:\/\/www.tuomaiset.net\/sukuyhdistys\/wp-json\/wp\/v2\/pages\/17","targetHints":{"allow":["GET"]}}],"collection":[{"href":"http:\/\/www.tuomaiset.net\/sukuyhdistys\/wp-json\/wp\/v2\/pages"}],"about":[{"href":"http:\/\/www.tuomaiset.net\/sukuyhdistys\/wp-json\/wp\/v2\/types\/page"}],"author":[{"embeddable":true,"href":"http:\/\/www.tuomaiset.net\/sukuyhdistys\/wp-json\/wp\/v2\/users\/1"}],"replies":[{"embeddable":true,"href":"http:\/\/www.tuomaiset.net\/sukuyhdistys\/wp-json\/wp\/v2\/comments?post=17"}],"version-history":[{"count":23,"href":"http:\/\/www.tuomaiset.net\/sukuyhdistys\/wp-json\/wp\/v2\/pages\/17\/revisions"}],"predecessor-version":[{"id":318,"href":"http:\/\/www.tuomaiset.net\/sukuyhdistys\/wp-json\/wp\/v2\/pages\/17\/revisions\/318"}],"wp:attachment":[{"href":"http:\/\/www.tuomaiset.net\/sukuyhdistys\/wp-json\/wp\/v2\/media?parent=17"}],"curies":[{"name":"wp","href":"https:\/\/api.w.org\/{rel}","templated":true}]}}